{"id":2794,"date":"2021-08-13T11:59:14","date_gmt":"2021-08-13T09:59:14","guid":{"rendered":"https:\/\/smjedrzejow.pl\/?page_id=2794"},"modified":"2022-02-11T10:02:11","modified_gmt":"2022-02-11T09:02:11","slug":"historia","status":"publish","type":"page","link":"https:\/\/smjedrzejow.pl\/?page_id=2794","title":{"rendered":"HISTORIA"},"content":{"rendered":"<div class=\"wpb-content-wrapper\"><p>[vc_row][vc_column][vc_column_text]W dniu 25 czerwca 1958r. odby\u0142o si\u0119 w Wytw\u00f3rni Tytoniu Przemys\u0142owego Walne Zgromadzenie Za\u0142o\u017cycielskie Cz\u0142onk\u00f3w Sp\u00f3\u0142dzielni Mieszkaniowej \u201ePrzysz\u0142o\u015b\u0107\u201d w J\u0119drzejowie. Obecnych by\u0142o 16 Cz\u0142onk\u00f3w. Statut zosta\u0142 zarejestrowany w S\u0105dzie Powiatowym w Kielcach.<\/p>\n<p>Pierwszy budynek mieszkalny oddano do u\u017cytku w 1960 r. Posiada\u0142 24 lokale.<\/p>\n<p>Budowa nast\u0119pnych 5 budynk\u00f3w po 6 lokali mieszkalnych ka\u017cdy zosta\u0142a zako\u0144czona w 1962r.<\/p>\n<p>W latach 1969-1970 uzyskano 150 lokali w 4 budynkach, w latach 1971-1980\u00a0 1466 lokali w 33 budynkach, w latach 1981-1989 749 lokali w 24 budynkach. Od 1990 roku w zwi\u0105zku ze zmian\u0105 zasad finansowania budownictwa wielorodzinnego wybudowano tylko 171 lokali w 4 budynkach\u00a0 i w 1992r. zako\u0144czono budownictwo wielorodzinne.<\/p>\n<p>Sp\u00f3\u0142dzielnia \u0142\u0105cznie z lokalami uzyskanymi po adaptacji by\u0142ych kot\u0142owni zarz\u0105dza 2576 lokalami mieszkalnymi\u00a0 w tym 1950 w J\u0119drzejowie, 341 w Ma\u0142ogoszczu, 3 w Nag\u0142owicach, 235 w S\u0119dziszowie, 20 w Sobkowie i 27 w Wodzis\u0142awiu oraz 106 gara\u017cami w J\u0119drzejowie i 5 gara\u017cami w Wodzis\u0142awiu.<\/p>\n<p>W parterach trzech budynk\u00f3w mieszkalnych w J\u0119drzejowie zlokalizowane s\u0105 lokale u\u017cytkowe. Sp\u00f3\u0142dzielnia jest\u00a0 w\u0142a\u015bcicielem pawilonu handlowego przy ulicy Boles\u0142awa Chrobrego 2 w J\u0119drzejowie.<\/p>\n<p>Sp\u00f3\u0142dzielnia uczestniczy\u0142a w budowie Przedszkola, Przychodni Zdrowia z Aptek\u0105 i Szko\u0142y Podstawowej na Osiedlu Przypkowskiego w J\u0119drzejowie.<\/p>\n<p>Do 1968r. Sp\u00f3\u0142dzielnia zarz\u0105dzana by\u0142a spo\u0142ecznie. Biuro administracji zosta\u0142o utworzone w 1969r. a siedzib\u0105\u00a0 by\u0142 lokal mieszkalny w budynku Nr 24 przy ulicy Okrzei w J\u0119drzejowie.<\/p>\n<p>W miar\u0119 zwi\u0119kszania zasob\u00f3w zatrudniano nowych pracownik\u00f3w, a biuro przeniesiono do budynku Nr 46 przy ulicy Okrzei. W 1984r. oddano do u\u017cytku tzw. baz\u0119 Sp\u00f3\u0142dzielni przy ul.Dojazd 56 w J\u0119drzejowie, gdzie zorganizowano siedzib\u0119 Sp\u00f3\u0142dzielni, a zatrudnienie osi\u0105gn\u0119\u0142o liczb\u0119 54. Obecnie w Sp\u00f3\u0142dzielni jest zatrudnionych 32 pracownik\u00f3w. Administracja posiada biuro w Ma\u0142ogoszczu Osiedle bl.6\u00a0 i w S\u0119dziszowie w budynku O\u015b. Sady 10.<\/p>\n<p>Wg stanu na 31 grudnia 2020r. Sp\u00f3\u0142dzielnia zrzesza\u0142a 3060 Cz\u0142onk\u00f3w[\/vc_column_text][\/vc_column][\/vc_row]<\/p>\n<\/div>","protected":false},"excerpt":{"rendered":"<p>[vc_row][vc_column][vc_column_text]W dniu 25 czerwca 1958r. odby\u0142o si\u0119 w Wytw\u00f3rni Tytoniu Przemys\u0142owego Walne Zgromadzenie Za\u0142o\u017cycielskie Cz\u0142onk\u00f3w Sp\u00f3\u0142dzielni Mieszkaniowej \u201ePrzysz\u0142o\u015b\u0107\u201d w J\u0119drzejowie. Obecnych by\u0142o 16 Cz\u0142onk\u00f3w. Statut zosta\u0142 zarejestrowany w S\u0105dzie Powiatowym w Kielcach. Pierwszy budynek mieszkalny oddano do u\u017cytku w 1960 r. Posiada\u0142 24 lokale. Budowa nast\u0119pnych 5 budynk\u00f3w po 6 lokali mieszkalnych ka\u017cdy zosta\u0142a zako\u0144czona [&hellip;]<\/p>\n","protected":false},"author":1,"featured_media":0,"parent":0,"menu_order":0,"comment_status":"closed","ping_status":"closed","template":"","meta":{"footnotes":""},"class_list":["post-2794","page","type-page","status-publish","hentry"],"_links":{"self":[{"href":"https:\/\/smjedrzejow.pl\/index.php?rest_route=\/wp\/v2\/pages\/2794","targetHints":{"allow":["GET"]}}],"collection":[{"href":"https:\/\/smjedrzejow.pl\/index.php?rest_route=\/wp\/v2\/pages"}],"about":[{"href":"https:\/\/smjedrzejow.pl\/index.php?rest_route=\/wp\/v2\/types\/page"}],"author":[{"embeddable":true,"href":"https:\/\/smjedrzejow.pl\/index.php?rest_route=\/wp\/v2\/users\/1"}],"replies":[{"embeddable":true,"href":"https:\/\/smjedrzejow.pl\/index.php?rest_route=%2Fwp%2Fv2%2Fcomments&post=2794"}],"version-history":[{"count":6,"href":"https:\/\/smjedrzejow.pl\/index.php?rest_route=\/wp\/v2\/pages\/2794\/revisions"}],"predecessor-version":[{"id":2978,"href":"https:\/\/smjedrzejow.pl\/index.php?rest_route=\/wp\/v2\/pages\/2794\/revisions\/2978"}],"wp:attachment":[{"href":"https:\/\/smjedrzejow.pl\/index.php?rest_route=%2Fwp%2Fv2%2Fmedia&parent=2794"}],"curies":[{"name":"wp","href":"https:\/\/api.w.org\/{rel}","templated":true}]}}