{"id":2799,"date":"2021-08-13T13:02:37","date_gmt":"2021-08-13T11:02:37","guid":{"rendered":"https:\/\/smjedrzejow.pl\/?page_id=2799"},"modified":"2022-07-13T07:37:26","modified_gmt":"2022-07-13T05:37:26","slug":"zarzad","status":"publish","type":"page","link":"https:\/\/smjedrzejow.pl\/?page_id=2799","title":{"rendered":"ZARZ\u0104D"},"content":{"rendered":"<p class=\"Standard\" style=\"text-align: center;\">\n<p class=\"Standard\" style=\"text-align: center;\"><strong>Prezes Zarz\u0105du<\/strong><\/p>\n<p class=\"Standard\" style=\"text-align: center;\">Piotr Byszewski<\/p>\n<p class=\"Standard\" style=\"text-align: center;\"><strong>Cz\u0142onek Zarz\u0105du<\/strong><\/p>\n<p class=\"Standard\" style=\"text-align: center;\">Janusz Wo\u017aniak<\/p>\n","protected":false},"excerpt":{"rendered":"<p>Prezes Zarz\u0105du Piotr Byszewski Cz\u0142onek Zarz\u0105du Janusz Wo\u017aniak<\/p>\n","protected":false},"author":1,"featured_media":0,"parent":0,"menu_order":0,"comment_status":"closed","ping_status":"closed","template":"","meta":{"footnotes":""},"class_list":["post-2799","page","type-page","status-publish","hentry"],"_links":{"self":[{"href":"https:\/\/smjedrzejow.pl\/index.php?rest_route=\/wp\/v2\/pages\/2799","targetHints":{"allow":["GET"]}}],"collection":[{"href":"https:\/\/smjedrzejow.pl\/index.php?rest_route=\/wp\/v2\/pages"}],"about":[{"href":"https:\/\/smjedrzejow.pl\/index.php?rest_route=\/wp\/v2\/types\/page"}],"author":[{"embeddable":true,"href":"https:\/\/smjedrzejow.pl\/index.php?rest_route=\/wp\/v2\/users\/1"}],"replies":[{"embeddable":true,"href":"https:\/\/smjedrzejow.pl\/index.php?rest_route=%2Fwp%2Fv2%2Fcomments&post=2799"}],"version-history":[{"count":5,"href":"https:\/\/smjedrzejow.pl\/index.php?rest_route=\/wp\/v2\/pages\/2799\/revisions"}],"predecessor-version":[{"id":3045,"href":"https:\/\/smjedrzejow.pl\/index.php?rest_route=\/wp\/v2\/pages\/2799\/revisions\/3045"}],"wp:attachment":[{"href":"https:\/\/smjedrzejow.pl\/index.php?rest_route=%2Fwp%2Fv2%2Fmedia&parent=2799"}],"curies":[{"name":"wp","href":"https:\/\/api.w.org\/{rel}","templated":true}]}}