{"id":2804,"date":"2021-08-13T13:03:45","date_gmt":"2021-08-13T11:03:45","guid":{"rendered":"https:\/\/smjedrzejow.pl\/?page_id=2804"},"modified":"2023-08-18T17:42:20","modified_gmt":"2023-08-18T15:42:20","slug":"rada-nadzorcza","status":"publish","type":"page","link":"https:\/\/smjedrzejow.pl\/?page_id=2804","title":{"rendered":"SK\u0141AD RADY NADZORCZEJ"},"content":{"rendered":"<p style=\"text-align: center;\">Rada Nadzorcza zosta\u0142a wybrana przez Walne Zgromadzenie Cz\u0142onk\u00f3w Sp\u00f3\u0142dzielni\u00a0 w dniu 22 czerwca 2023r.<\/p>\r\n<p style=\"text-align: center;\">Na pierwszym posiedzeniu ukonstytuowa\u0142a si\u0119 nast\u0119puj\u0105co:<\/p>\r\n<p style=\"text-align: center;\"><strong>Przewodnicz\u0105cy<\/strong><\/p>\r\n<p style=\"text-align: center;\">Justyna Krzysztofik<\/p>\r\n<p style=\"text-align: center;\"><strong>Zast\u0119pca Przewodnicz\u0105cego<\/strong><\/p>\r\n<p style=\"text-align: center;\">Mieczys\u0142aw\u00a0 Bach<\/p>\r\n<p style=\"text-align: center;\"><strong>Sekretarz\u00a0<\/strong><\/p>\r\n<p style=\"text-align: center;\">Stanis\u0142aw Ni\u017anik\u00a0<\/p>\r\n<p style=\"text-align: center;\"><strong>Komisja Rewizyjna<\/strong><\/p>\r\n<p style=\"text-align: center;\">Przewodnicz\u0105cy: Grzegorz Pi\u00f3rkowski\u00a0<\/p>\r\n<p style=\"text-align: center;\">\u00a0<\/p>\r\n<p style=\"text-align: center;\">\u00a0<\/p>\r\n<p>&nbsp;<\/p>\r\n\r\n<p>&nbsp;<\/p>\r\n","protected":false},"excerpt":{"rendered":"<p>Rada Nadzorcza zosta\u0142a wybrana przez Walne Zgromadzenie Cz\u0142onk\u00f3w Sp\u00f3\u0142dzielni\u00a0 w dniu 22 czerwca 2023r. Na pierwszym posiedzeniu ukonstytuowa\u0142a si\u0119 nast\u0119puj\u0105co: Przewodnicz\u0105cy Justyna Krzysztofik Zast\u0119pca Przewodnicz\u0105cego Mieczys\u0142aw\u00a0 Bach Sekretarz\u00a0 Stanis\u0142aw Ni\u017anik\u00a0 Komisja Rewizyjna Przewodnicz\u0105cy: Grzegorz Pi\u00f3rkowski\u00a0 \u00a0 \u00a0 &nbsp; &nbsp;<\/p>\n","protected":false},"author":1,"featured_media":0,"parent":0,"menu_order":0,"comment_status":"closed","ping_status":"closed","template":"","meta":{"footnotes":""},"class_list":["post-2804","page","type-page","status-publish","hentry"],"_links":{"self":[{"href":"https:\/\/smjedrzejow.pl\/index.php?rest_route=\/wp\/v2\/pages\/2804","targetHints":{"allow":["GET"]}}],"collection":[{"href":"https:\/\/smjedrzejow.pl\/index.php?rest_route=\/wp\/v2\/pages"}],"about":[{"href":"https:\/\/smjedrzejow.pl\/index.php?rest_route=\/wp\/v2\/types\/page"}],"author":[{"embeddable":true,"href":"https:\/\/smjedrzejow.pl\/index.php?rest_route=\/wp\/v2\/users\/1"}],"replies":[{"embeddable":true,"href":"https:\/\/smjedrzejow.pl\/index.php?rest_route=%2Fwp%2Fv2%2Fcomments&post=2804"}],"version-history":[{"count":13,"href":"https:\/\/smjedrzejow.pl\/index.php?rest_route=\/wp\/v2\/pages\/2804\/revisions"}],"predecessor-version":[{"id":3285,"href":"https:\/\/smjedrzejow.pl\/index.php?rest_route=\/wp\/v2\/pages\/2804\/revisions\/3285"}],"wp:attachment":[{"href":"https:\/\/smjedrzejow.pl\/index.php?rest_route=%2Fwp%2Fv2%2Fmedia&parent=2804"}],"curies":[{"name":"wp","href":"https:\/\/api.w.org\/{rel}","templated":true}]}}